{"id":337,"date":"2011-09-24T21:49:33","date_gmt":"2011-09-24T21:49:33","guid":{"rendered":"http:\/\/www.events-bassen.de\/?page_id=337"},"modified":"2012-01-17T11:44:06","modified_gmt":"2012-01-17T11:44:06","slug":"downloads","status":"publish","type":"page","link":"https:\/\/www.events-bassen.de\/?page_id=337","title":{"rendered":"Downloads"},"content":{"rendered":"<p>Du m\u00f6chtest Bilder von einem Event haben ? Dann schreibe mir \u00fcber das Kontaktformular eine Mitteilung. Die Login Daten bekommst Du dann von mir per Email geschickt. Der Download steht Dir dann f\u00fcr 24 Stunden zur Verf\u00fcgung.<br \/>\nDenkt bitte daran, das die Bilder urheberrechtlich gesch\u00fctzt sind, wenn Ihr Bilder \u00f6ffentlich verwenden wollt m\u00fc\u00dft Ihr mich vorher fragen.<\/p>\n<p>Viel Spa\u00df mit den Bildern<\/p>\n<p><strong><form action=\"\" method=\"POST\" style=\"margin: 0px; \" ><input type=\"Hidden\" name=\"al3x_action\" value=\"login\">\n\t<label>Username:<br \/><input type=\"Text\" name=\"al3x_user\" ><\/label><br \/>\n\t<label>Password:<br \/><input type=\"Password\" name=\"al3x_pass\" ><\/label><br \/>\n\t<input type=\"submit\" value=\"log in\" tabindex=\"100\" \/>\n<\/form><\/strong><\/p>\n","protected":false},"excerpt":{"rendered":"<p>Du m\u00f6chtest Bilder von einem Event haben ? Dann schreibe mir \u00fcber das Kontaktformular eine Mitteilung. Die Login Daten bekommst Du dann von mir per Email geschickt. Der Download steht Dir dann f\u00fcr 24 Stunden zur Verf\u00fcgung. Denkt bitte daran, das die Bilder urheberrechtlich gesch\u00fctzt sind, wenn Ihr Bilder \u00f6ffentlich verwenden wollt m\u00fc\u00dft Ihr mich [&hellip;]<\/p>\n","protected":false},"author":1,"featured_media":0,"parent":0,"menu_order":2,"comment_status":"closed","ping_status":"closed","template":"","meta":{"ngg_post_thumbnail":0,"footnotes":""},"class_list":["post-337","page","type-page","status-publish","hentry"],"_links":{"self":[{"href":"https:\/\/www.events-bassen.de\/index.php?rest_route=\/wp\/v2\/pages\/337","targetHints":{"allow":["GET"]}}],"collection":[{"href":"https:\/\/www.events-bassen.de\/index.php?rest_route=\/wp\/v2\/pages"}],"about":[{"href":"https:\/\/www.events-bassen.de\/index.php?rest_route=\/wp\/v2\/types\/page"}],"author":[{"embeddable":true,"href":"https:\/\/www.events-bassen.de\/index.php?rest_route=\/wp\/v2\/users\/1"}],"replies":[{"embeddable":true,"href":"https:\/\/www.events-bassen.de\/index.php?rest_route=%2Fwp%2Fv2%2Fcomments&post=337"}],"version-history":[{"count":3,"href":"https:\/\/www.events-bassen.de\/index.php?rest_route=\/wp\/v2\/pages\/337\/revisions"}],"predecessor-version":[{"id":1525,"href":"https:\/\/www.events-bassen.de\/index.php?rest_route=\/wp\/v2\/pages\/337\/revisions\/1525"}],"wp:attachment":[{"href":"https:\/\/www.events-bassen.de\/index.php?rest_route=%2Fwp%2Fv2%2Fmedia&parent=337"}],"curies":[{"name":"wp","href":"https:\/\/api.w.org\/{rel}","templated":true}]}}